{"id":709,"date":"2018-12-03T13:55:09","date_gmt":"2018-12-03T13:55:09","guid":{"rendered":"http:\/\/www.enucuzlastik.com\/?page_id=709"},"modified":"2023-01-30T03:34:48","modified_gmt":"2023-01-30T03:34:48","slug":"en-ucuz-lastik","status":"publish","type":"page","link":"https:\/\/www.enucuzlastik.com\/","title":{"rendered":""},"content":{"rendered":"\n<h1 class=\"has-text-align-center wp-block-heading\"><strong>En Ucuz Lastik<\/strong><\/h1>\n\n\n\n<p><\/p>\n\n\n<p><\/p>\n\n\n<h1 class=\"has-text-align-center wp-block-heading\"><strong>Y\u0131ld\u0131z Hilal Mah, 677. Sk&nbsp; No:19, 06550&nbsp;&nbsp;<\/strong><\/h1>\n\n\n\n<h1 class=\"has-text-align-center wp-block-heading\"><strong>\u00c7ankaya-Ankara<\/strong><\/h1>\n\n\n\n<h1 class=\"has-text-align-center wp-block-heading\"><strong><br>universallastik@gmail.com<\/strong><\/h1>\n\n\n<h3 class=\"has-text-align-center\">enucuzlastik@gmail.com<\/h3>\n<p>\u00a0<\/p>\n\n<h1 class=\"has-text-align-center\"><strong><a class=\"fl r-iAmhCVlPFBcg\" title=\"Hangout \u00fczerinden ara\" data-number=\"+903124426162\" data-rtid=\"iAmhCVlPFBcg\" data-ved=\"0CH0QkAgwD2oVChMI4ovGh4X8yAIVB3NyCh3TdgWG\">03124426162<\/a><\/strong><\/h1>\n<p>\u00a0<\/p>\n\n<h1 class=\"has-text-align-center\"><strong><a class=\"fl r-iAmhCVlPFBcg\" title=\"Hangout \u00fczerinden ara\" data-number=\"+903124426162\" data-rtid=\"iAmhCVlPFBcg\" data-ved=\"0CH0QkAgwD2oVChMI4ovGh4X8yAIVB3NyCh3TdgWG\">03123873151<\/a><\/strong><\/h1>\n<p>\u00a0<\/p>\n\n<h1 class=\"has-text-align-center\"><strong><a class=\"fl r-iAmhCVlPFBcg\" title=\"Hangout \u00fczerinden ara\" data-number=\"+903124426162\" data-rtid=\"iAmhCVlPFBcg\" data-ved=\"0CH0QkAgwD2oVChMI4ovGh4X8yAIVB3NyCh3TdgWG\">05059886162<\/a><\/strong><\/h1>\n<p>\u00a0<\/p>\n\n\n\n\n<div class=\"wp-block-columns is-layout-flex wp-container-core-columns-is-layout-1 wp-block-columns-is-layout-flex\">\n<div class=\"wp-block-column is-layout-flow wp-block-column-is-layout-flow\" style=\"flex-basis:25%\">\n<figure class=\"wp-block-image size-full\"><a href=\"https:\/\/www.enucuzlastik.com\/wp-content\/uploads\/2018\/12\/Michelin-2018-2019-Sertifika-Universal-Euromaster-Lastik.jpg\"><img loading=\"lazy\" decoding=\"async\" width=\"1600\" height=\"1138\" src=\"https:\/\/www.enucuzlastik.com\/wp-content\/uploads\/2018\/12\/Michelin-2018-2019-Sertifika-Universal-Euromaster-Lastik.jpg\" alt=\"\" class=\"wp-image-711\" srcset=\"https:\/\/www.enucuzlastik.com\/wp-content\/uploads\/2018\/12\/Michelin-2018-2019-Sertifika-Universal-Euromaster-Lastik.jpg 1600w, https:\/\/www.enucuzlastik.com\/wp-content\/uploads\/2018\/12\/Michelin-2018-2019-Sertifika-Universal-Euromaster-Lastik-300x213.jpg 300w, https:\/\/www.enucuzlastik.com\/wp-content\/uploads\/2018\/12\/Michelin-2018-2019-Sertifika-Universal-Euromaster-Lastik-768x546.jpg 768w, https:\/\/www.enucuzlastik.com\/wp-content\/uploads\/2018\/12\/Michelin-2018-2019-Sertifika-Universal-Euromaster-Lastik-1024x728.jpg 1024w\" sizes=\"auto, (max-width: 1600px) 100vw, 1600px\" \/><\/a><\/figure>\n<\/div>\n\n\n\n<div class=\"wp-block-column is-layout-flow wp-block-column-is-layout-flow\" style=\"flex-basis:50%\">\n<figure class=\"wp-block-image size-full\"><a href=\"https:\/\/www.enucuzlastik.com\/wp-content\/uploads\/2018\/12\/Lastikler-Meyve-Degildir-Michelin-Universal-Lastik.jpg\"><img loading=\"lazy\" decoding=\"async\" width=\"1760\" height=\"3212\" src=\"https:\/\/www.enucuzlastik.com\/wp-content\/uploads\/2018\/12\/Lastikler-Meyve-Degildir-Michelin-Universal-Lastik.jpg\" alt=\"\" class=\"wp-image-710\" srcset=\"https:\/\/www.enucuzlastik.com\/wp-content\/uploads\/2018\/12\/Lastikler-Meyve-Degildir-Michelin-Universal-Lastik.jpg 1760w, https:\/\/www.enucuzlastik.com\/wp-content\/uploads\/2018\/12\/Lastikler-Meyve-Degildir-Michelin-Universal-Lastik-164x300.jpg 164w, https:\/\/www.enucuzlastik.com\/wp-content\/uploads\/2018\/12\/Lastikler-Meyve-Degildir-Michelin-Universal-Lastik-768x1402.jpg 768w, https:\/\/www.enucuzlastik.com\/wp-content\/uploads\/2018\/12\/Lastikler-Meyve-Degildir-Michelin-Universal-Lastik-561x1024.jpg 561w\" sizes=\"auto, (max-width: 1760px) 100vw, 1760px\" \/><\/a><\/figure>\n<\/div>\n\n\n\n<div class=\"wp-block-column is-layout-flow wp-block-column-is-layout-flow\" style=\"flex-basis:25%\">\n<figure class=\"wp-block-image size-full\"><a href=\"https:\/\/www.enucuzlastik.com\/wp-content\/uploads\/2018\/12\/Universal-Lastik-Ankara-Ticaret-Odasi.jpg\"><img loading=\"lazy\" decoding=\"async\" width=\"1280\" height=\"933\" src=\"https:\/\/www.enucuzlastik.com\/wp-content\/uploads\/2018\/12\/Universal-Lastik-Ankara-Ticaret-Odasi.jpg\" alt=\"\" class=\"wp-image-712\" srcset=\"https:\/\/www.enucuzlastik.com\/wp-content\/uploads\/2018\/12\/Universal-Lastik-Ankara-Ticaret-Odasi.jpg 1280w, https:\/\/www.enucuzlastik.com\/wp-content\/uploads\/2018\/12\/Universal-Lastik-Ankara-Ticaret-Odasi-300x219.jpg 300w, https:\/\/www.enucuzlastik.com\/wp-content\/uploads\/2018\/12\/Universal-Lastik-Ankara-Ticaret-Odasi-768x560.jpg 768w, https:\/\/www.enucuzlastik.com\/wp-content\/uploads\/2018\/12\/Universal-Lastik-Ankara-Ticaret-Odasi-1024x746.jpg 1024w\" sizes=\"auto, (max-width: 1280px) 100vw, 1280px\" \/><\/a><\/figure>\n<\/div>\n<\/div>\n","protected":false},"excerpt":{"rendered":"<p>En Ucuz Lastik Y\u0131ld\u0131z Hilal Mah, 677. Sk&nbsp; No:19, 06550&nbsp;&nbsp; \u00c7ankaya-Ankara universallastik@gmail.com enucuzlastik@gmail.com \u00a0 03124426162 \u00a0 03123873151 \u00a0 05059886162 \u00a0<\/p>\n","protected":false},"author":1,"featured_media":0,"parent":0,"menu_order":0,"comment_status":"closed","ping_status":"closed","template":"","meta":{"footnotes":""},"class_list":["post-709","page","type-page","status-publish"],"yoast_head":"<!-- This site is optimized with the Yoast SEO plugin v23.0 - https:\/\/yoast.com\/wordpress\/plugins\/seo\/ -->\n<title>En Ucuz Lastik - Michelin \u00c7ankaya Ankara - En Ucuz Lastik<\/title>\n<meta name=\"description\" content=\"En ucuz Michelin Bfgoodrich Tigar Kormoran. Sertifikali Bayi. +903124426162 , 05059886162 Y\u0131ld\u0131z \u00c7ankaya Ankara\" \/>\n<meta name=\"robots\" content=\"index, follow, max-snippet:-1, max-image-preview:large, max-video-preview:-1\" \/>\n<link rel=\"canonical\" href=\"https:\/\/www.enucuzlastik.com\/\" \/>\n<meta property=\"og:locale\" content=\"tr_TR\" \/>\n<meta property=\"og:type\" content=\"article\" \/>\n<meta property=\"og:title\" content=\"En Ucuz Lastik - Michelin \u00c7ankaya Ankara - En Ucuz Lastik\" \/>\n<meta property=\"og:description\" content=\"En ucuz Michelin Bfgoodrich Tigar Kormoran. Sertifikali Bayi. +903124426162 , 05059886162 Y\u0131ld\u0131z \u00c7ankaya Ankara\" \/>\n<meta property=\"og:url\" content=\"https:\/\/www.enucuzlastik.com\/\" \/>\n<meta property=\"og:site_name\" content=\"En Ucuz Lastik\" \/>\n<meta property=\"article:modified_time\" content=\"2023-01-30T03:34:48+00:00\" \/>\n<meta property=\"og:image\" content=\"https:\/\/www.enucuzlastik.com\/wp-content\/uploads\/2018\/12\/Michelin-2018-2019-Sertifika-Universal-Euromaster-Lastik.jpg\" \/>\n<meta name=\"twitter:card\" content=\"summary_large_image\" \/>\n<meta name=\"twitter:label1\" content=\"Tahmini okuma s\u00fcresi\" \/>\n\t<meta name=\"twitter:data1\" content=\"1 dakika\" \/>\n<script type=\"application\/ld+json\" class=\"yoast-schema-graph\">{\"@context\":\"https:\/\/schema.org\",\"@graph\":[{\"@type\":\"WebPage\",\"@id\":\"https:\/\/www.enucuzlastik.com\/\",\"url\":\"https:\/\/www.enucuzlastik.com\/\",\"name\":\"En Ucuz Lastik - Michelin \u00c7ankaya Ankara - En Ucuz Lastik\",\"isPartOf\":{\"@id\":\"https:\/\/www.enucuzlastik.com\/#website\"},\"primaryImageOfPage\":{\"@id\":\"https:\/\/www.enucuzlastik.com\/#primaryimage\"},\"image\":{\"@id\":\"https:\/\/www.enucuzlastik.com\/#primaryimage\"},\"thumbnailUrl\":\"https:\/\/www.enucuzlastik.com\/wp-content\/uploads\/2018\/12\/Michelin-2018-2019-Sertifika-Universal-Euromaster-Lastik.jpg\",\"datePublished\":\"2018-12-03T13:55:09+00:00\",\"dateModified\":\"2023-01-30T03:34:48+00:00\",\"description\":\"En ucuz Michelin Bfgoodrich Tigar Kormoran. Sertifikali Bayi. +903124426162 , 05059886162 Y\u0131ld\u0131z \u00c7ankaya Ankara\",\"inLanguage\":\"tr\",\"potentialAction\":[{\"@type\":\"ReadAction\",\"target\":[\"https:\/\/www.enucuzlastik.com\/\"]}]},{\"@type\":\"ImageObject\",\"inLanguage\":\"tr\",\"@id\":\"https:\/\/www.enucuzlastik.com\/#primaryimage\",\"url\":\"https:\/\/www.enucuzlastik.com\/wp-content\/uploads\/2018\/12\/Michelin-2018-2019-Sertifika-Universal-Euromaster-Lastik.jpg\",\"contentUrl\":\"https:\/\/www.enucuzlastik.com\/wp-content\/uploads\/2018\/12\/Michelin-2018-2019-Sertifika-Universal-Euromaster-Lastik.jpg\",\"width\":1600,\"height\":1138},{\"@type\":\"WebSite\",\"@id\":\"https:\/\/www.enucuzlastik.com\/#website\",\"url\":\"https:\/\/www.enucuzlastik.com\/\",\"name\":\"En Ucuz Lastik\",\"description\":\"Michelin Bfgoodrich Tigar Kormoran\",\"potentialAction\":[{\"@type\":\"SearchAction\",\"target\":{\"@type\":\"EntryPoint\",\"urlTemplate\":\"https:\/\/www.enucuzlastik.com\/?s={search_term_string}\"},\"query-input\":\"required name=search_term_string\"}],\"inLanguage\":\"tr\"}]}<\/script>\n<!-- \/ Yoast SEO plugin. -->","yoast_head_json":{"title":"En Ucuz Lastik - Michelin \u00c7ankaya Ankara - En Ucuz Lastik","description":"En ucuz Michelin Bfgoodrich Tigar Kormoran. Sertifikali Bayi. +903124426162 , 05059886162 Y\u0131ld\u0131z \u00c7ankaya Ankara","robots":{"index":"index","follow":"follow","max-snippet":"max-snippet:-1","max-image-preview":"max-image-preview:large","max-video-preview":"max-video-preview:-1"},"canonical":"https:\/\/www.enucuzlastik.com\/","og_locale":"tr_TR","og_type":"article","og_title":"En Ucuz Lastik - Michelin \u00c7ankaya Ankara - En Ucuz Lastik","og_description":"En ucuz Michelin Bfgoodrich Tigar Kormoran. Sertifikali Bayi. +903124426162 , 05059886162 Y\u0131ld\u0131z \u00c7ankaya Ankara","og_url":"https:\/\/www.enucuzlastik.com\/","og_site_name":"En Ucuz Lastik","article_modified_time":"2023-01-30T03:34:48+00:00","og_image":[{"url":"https:\/\/www.enucuzlastik.com\/wp-content\/uploads\/2018\/12\/Michelin-2018-2019-Sertifika-Universal-Euromaster-Lastik.jpg"}],"twitter_card":"summary_large_image","twitter_misc":{"Tahmini okuma s\u00fcresi":"1 dakika"},"schema":{"@context":"https:\/\/schema.org","@graph":[{"@type":"WebPage","@id":"https:\/\/www.enucuzlastik.com\/","url":"https:\/\/www.enucuzlastik.com\/","name":"En Ucuz Lastik - Michelin \u00c7ankaya Ankara - En Ucuz Lastik","isPartOf":{"@id":"https:\/\/www.enucuzlastik.com\/#website"},"primaryImageOfPage":{"@id":"https:\/\/www.enucuzlastik.com\/#primaryimage"},"image":{"@id":"https:\/\/www.enucuzlastik.com\/#primaryimage"},"thumbnailUrl":"https:\/\/www.enucuzlastik.com\/wp-content\/uploads\/2018\/12\/Michelin-2018-2019-Sertifika-Universal-Euromaster-Lastik.jpg","datePublished":"2018-12-03T13:55:09+00:00","dateModified":"2023-01-30T03:34:48+00:00","description":"En ucuz Michelin Bfgoodrich Tigar Kormoran. Sertifikali Bayi. +903124426162 , 05059886162 Y\u0131ld\u0131z \u00c7ankaya Ankara","inLanguage":"tr","potentialAction":[{"@type":"ReadAction","target":["https:\/\/www.enucuzlastik.com\/"]}]},{"@type":"ImageObject","inLanguage":"tr","@id":"https:\/\/www.enucuzlastik.com\/#primaryimage","url":"https:\/\/www.enucuzlastik.com\/wp-content\/uploads\/2018\/12\/Michelin-2018-2019-Sertifika-Universal-Euromaster-Lastik.jpg","contentUrl":"https:\/\/www.enucuzlastik.com\/wp-content\/uploads\/2018\/12\/Michelin-2018-2019-Sertifika-Universal-Euromaster-Lastik.jpg","width":1600,"height":1138},{"@type":"WebSite","@id":"https:\/\/www.enucuzlastik.com\/#website","url":"https:\/\/www.enucuzlastik.com\/","name":"En Ucuz Lastik","description":"Michelin Bfgoodrich Tigar Kormoran","potentialAction":[{"@type":"SearchAction","target":{"@type":"EntryPoint","urlTemplate":"https:\/\/www.enucuzlastik.com\/?s={search_term_string}"},"query-input":"required name=search_term_string"}],"inLanguage":"tr"}]}},"_links":{"self":[{"href":"https:\/\/www.enucuzlastik.com\/index.php?rest_route=\/wp\/v2\/pages\/709","targetHints":{"allow":["GET"]}}],"collection":[{"href":"https:\/\/www.enucuzlastik.com\/index.php?rest_route=\/wp\/v2\/pages"}],"about":[{"href":"https:\/\/www.enucuzlastik.com\/index.php?rest_route=\/wp\/v2\/types\/page"}],"author":[{"embeddable":true,"href":"https:\/\/www.enucuzlastik.com\/index.php?rest_route=\/wp\/v2\/users\/1"}],"replies":[{"embeddable":true,"href":"https:\/\/www.enucuzlastik.com\/index.php?rest_route=%2Fwp%2Fv2%2Fcomments&post=709"}],"version-history":[{"count":20,"href":"https:\/\/www.enucuzlastik.com\/index.php?rest_route=\/wp\/v2\/pages\/709\/revisions"}],"predecessor-version":[{"id":926,"href":"https:\/\/www.enucuzlastik.com\/index.php?rest_route=\/wp\/v2\/pages\/709\/revisions\/926"}],"wp:attachment":[{"href":"https:\/\/www.enucuzlastik.com\/index.php?rest_route=%2Fwp%2Fv2%2Fmedia&parent=709"}],"curies":[{"name":"wp","href":"https:\/\/api.w.org\/{rel}","templated":true}]}}